{"id":824,"date":"2017-11-01T16:43:20","date_gmt":"2017-11-01T15:43:20","guid":{"rendered":"http:\/\/www.andreasweitz.at\/?page_id=824"},"modified":"2026-01-25T20:21:04","modified_gmt":"2026-01-25T19:21:04","slug":"meine-homepage","status":"publish","type":"page","link":"https:\/\/www.andreasweitz.at\/","title":{"rendered":"Meine Homepage"},"content":{"rendered":"<p>[et_pb_section fb_built=&#8220;1&#8243; admin_label=&#8220;Startbildschirm&#8220; _builder_version=&#8220;4.16&#8243; background_image=&#8220;https:\/\/www.andreasweitz.at\/wp-content\/uploads\/2017\/12\/Tastatur-hell-rot.jpg&#8220; parallax=&#8220;on&#8220; min_height=&#8220;804px&#8220; height=&#8220;735px&#8220; height_tablet=&#8220;&#8220; height_phone=&#8220;&#8220; height_last_edited=&#8220;on|phone&#8220; max_height=&#8220;1000px&#8220; custom_margin=&#8220;||-195px|||&#8220; custom_padding=&#8220;0px|0px|0px|0px||&#8220; animation_style=&#8220;fade&#8220; global_colors_info=&#8220;{}&#8220;][et_pb_row _builder_version=&#8220;4.16&#8243; width_tablet=&#8220;&#8220; width_phone=&#8220;&#8220; width_last_edited=&#8220;on|phone&#8220; min_height=&#8220;515px&#8220; min_height_tablet=&#8220;&#8220; min_height_phone=&#8220;267px&#8220; min_height_last_edited=&#8220;on|tablet&#8220; height=&#8220;539px&#8220; height_tablet=&#8220;&#8220; height_phone=&#8220;622px&#8220; height_last_edited=&#8220;on|phone&#8220; max_height=&#8220;1000px&#8220; max_height_tablet=&#8220;&#8220; max_height_phone=&#8220;&#8220; max_height_last_edited=&#8220;on|phone&#8220; custom_padding=&#8220;145px|0px|28px|0px||&#8220; global_colors_info=&#8220;{}&#8220; height__hover_enabled=&#8220;on|desktop&#8220; height__hover=&#8220;539px&#8220;][et_pb_column type=&#8220;4_4&#8243; _builder_version=&#8220;4.16&#8243; custom_padding=&#8220;|||&#8220; global_colors_info=&#8220;{}&#8220; custom_padding__hover=&#8220;|||&#8220;][et_pb_image src=&#8220;https:\/\/www.andreasweitz.at\/wp-content\/uploads\/2020\/01\/Logorot.png&#8220; align_tablet=&#8220;center&#8220; align_phone=&#8220;&#8220; align_last_edited=&#8220;on|desktop&#8220; _builder_version=&#8220;4.16&#8243; width=&#8220;31%&#8220; width_tablet=&#8220;51%&#8220; width_phone=&#8220;100%&#8220; width_last_edited=&#8220;on|desktop&#8220; max_width=&#8220;72%&#8220; module_alignment=&#8220;center&#8220; custom_margin=&#8220;|127px||||&#8220; custom_padding=&#8220;|0px|3px|||&#8220; global_colors_info=&#8220;{}&#8220;][\/et_pb_image][\/et_pb_column][\/et_pb_row][\/et_pb_section][et_pb_section fb_built=&#8220;1&#8243; admin_label=&#8220;Gestatten, Weitz. Andreas Weitz.&#8220; _builder_version=&#8220;4.16&#8243; custom_margin=&#8220;0px|||||&#8220; custom_padding=&#8220;0px||23px|||&#8220; top_divider_height_tablet=&#8220;&#8220; top_divider_height_phone=&#8220;55px&#8220; top_divider_height_last_edited=&#8220;on|phone&#8220; global_colors_info=&#8220;{}&#8220;][et_pb_row padding_mobile=&#8220;on&#8220; column_padding_mobile=&#8220;on&#8220; admin_label=&#8220;Row&#8220; _builder_version=&#8220;4.16&#8243; background_size=&#8220;initial&#8220; background_position=&#8220;top_left&#8220; background_repeat=&#8220;repeat&#8220; max_width=&#8220;813px&#8220; min_height=&#8220;412px&#8220; custom_padding=&#8220;56px||21px|||&#8220; use_custom_width=&#8220;on&#8220; custom_width_px=&#8220;780px&#8220; global_colors_info=&#8220;{}&#8220;][et_pb_column type=&#8220;4_4&#8243; _builder_version=&#8220;4.16&#8243; custom_padding=&#8220;|||&#8220; global_colors_info=&#8220;{}&#8220; custom_padding__hover=&#8220;|||&#8220;][et_pb_text admin_label=&#8220;Gestatten, Weitz. Andreas Weitz&#8220; _builder_version=&#8220;4.16&#8243; text_font=&#8220;Poppins|700|||||||&#8220; text_text_color=&#8220;#262e32&#8243; text_font_size=&#8220;40px&#8220; text_line_height=&#8220;1.2em&#8220; background_size=&#8220;initial&#8220; background_position=&#8220;top_left&#8220; background_repeat=&#8220;repeat&#8220; text_orientation=&#8220;center&#8220; module_alignment=&#8220;center&#8220; min_height=&#8220;120px&#8220; custom_padding=&#8220;0px||0px|||&#8220; custom_css_main_element=&#8220;font-weight: 300;&#8220; global_colors_info=&#8220;{}&#8220;]<\/p>\n<p>Gestatten, Weitz.<br \/>Andreas Weitz.<\/p>\n<p>[\/et_pb_text][et_pb_text _builder_version=&#8220;4.16&#8243; text_font=&#8220;Poppins||||||||&#8220; text_text_color=&#8220;#5b666d&#8220; text_font_size=&#8220;20px&#8220; text_line_height=&#8220;1.5em&#8220; background_size=&#8220;initial&#8220; background_position=&#8220;top_left&#8220; background_repeat=&#8220;repeat&#8220; text_orientation=&#8220;center&#8220; module_alignment=&#8220;center&#8220; custom_margin=&#8220;24px|||&#8220; custom_css_main_element=&#8220;font-weight: 300;&#8220; global_colors_info=&#8220;{}&#8220;]<\/p>\n<p>Seit 1997 bin ich als Werbegrafiker t\u00e4tig. Meine meist langj\u00e4hrigen Kunden sind sowohl Werbeagenturen als auch Auftraggeber aus den Bereichen Dienstleistung, Handel, Hotellerie, Kunst usw.<\/p>\n<p>100 % meiner Kunden sind von meinen Leistungen \u00fcberzeugt.<\/p>\n<p>OK, ich habe nur einen gefragt, und der ist ein Freund von mir.<\/p>\n<p>[\/et_pb_text][\/et_pb_column][\/et_pb_row][\/et_pb_section][et_pb_section fb_built=&#8220;1&#8243; admin_label=&#8220;Gestatten, Weitz. Andreas Weitz.&#8220; _builder_version=&#8220;4.16&#8243; background_color=&#8220;#8f8f8f&#8220; custom_padding=&#8220;4px|||||&#8220; global_colors_info=&#8220;{}&#8220;][et_pb_row _builder_version=&#8220;4.16&#8243; background_size=&#8220;initial&#8220; background_position=&#8220;top_left&#8220; background_repeat=&#8220;repeat&#8220; min_height=&#8220;110px&#8220; custom_padding=&#8220;37px|||||&#8220; global_colors_info=&#8220;{}&#8220;][et_pb_column type=&#8220;4_4&#8243; _builder_version=&#8220;4.16&#8243; custom_padding=&#8220;|||&#8220; global_colors_info=&#8220;{}&#8220; custom_padding__hover=&#8220;|||&#8220;][et_pb_text _builder_version=&#8220;4.16&#8243; text_font=&#8220;Poppins|300|||||||&#8220; text_font_size=&#8220;32px&#8220; text_line_height=&#8220;1.5em&#8220; header_font=&#8220;||||||||&#8220; text_orientation=&#8220;center&#8220; background_layout=&#8220;dark&#8220; module_alignment=&#8220;center&#8220; min_height=&#8220;47px&#8220; text_font_size_tablet=&#8220;&#8220; text_font_size_phone=&#8220;32px&#8220; text_font_size_last_edited=&#8220;on|phone&#8220; inline_fonts=&#8220;Slabo 27px,Slabo 13px,Noto Sans&#8220; global_colors_info=&#8220;{}&#8220;]Spa\u00df beiseite, ich habe ein paar Grunds\u00e4tze, an die ich mich halte:[\/et_pb_text][\/et_pb_column][\/et_pb_row][et_pb_row column_structure=&#8220;1_4,1_4,1_4,1_4&#8243; use_custom_gutter=&#8220;on&#8220; padding_mobile=&#8220;on&#8220; make_equal=&#8220;on&#8220; column_padding_mobile=&#8220;on&#8220; admin_label=&#8220;Row&#8220; _builder_version=&#8220;4.16&#8243; background_size=&#8220;initial&#8220; background_position=&#8220;top_left&#8220; background_repeat=&#8220;repeat&#8220; min_height_tablet=&#8220;&#8220; min_height_phone=&#8220;&#8220; min_height_last_edited=&#8220;on|phone&#8220; custom_margin=&#8220;0px||||false|false&#8220; custom_padding=&#8220;7px|||||&#8220; global_colors_info=&#8220;{}&#8220;][et_pb_column type=&#8220;1_4&#8243; _builder_version=&#8220;4.16&#8243; custom_padding=&#8220;|||&#8220; global_colors_info=&#8220;{}&#8220; custom_padding__hover=&#8220;|||&#8220;][et_pb_image src=&#8220;https:\/\/www.andreasweitz.at\/wp-content\/uploads\/2026\/01\/PiktoTrust.png&#8220; align=&#8220;center&#8220; admin_label=&#8220;Image&#8220; _builder_version=&#8220;4.27.5&#8243; width=&#8220;45%&#8220; max_width=&#8220;50%&#8220; animation_style=&#8220;fade&#8220; animation_direction=&#8220;fade_in&#8220; animation_duration=&#8220;500ms&#8220; hover_enabled=&#8220;0&#8243; animation=&#8220;fade_in&#8220; always_center_on_mobile=&#8220;off&#8220; global_colors_info=&#8220;{}&#8220; title_text=&#8220;PiktoTrust&#8220; sticky_enabled=&#8220;0&#8243;][\/et_pb_image][et_pb_text _builder_version=&#8220;4.16&#8243; text_font=&#8220;Poppins|500|||||||&#8220; text_font_size=&#8220;22px&#8220; text_line_height=&#8220;0.3em&#8220; text_orientation=&#8220;center&#8220; background_layout=&#8220;dark&#8220; global_colors_info=&#8220;{}&#8220;]<\/p>\n<p>Was liegt,<\/p>\n<p>das pickt.<\/p>\n<p>[\/et_pb_text][et_pb_text _builder_version=&#8220;4.16&#8243; text_font=&#8220;Poppins||||||||&#8220; text_text_color=&#8220;#5d666a&#8220; text_font_size=&#8220;18&#8243; text_line_height=&#8220;1.5em&#8220; background_size=&#8220;initial&#8220; background_position=&#8220;top_left&#8220; background_repeat=&#8220;repeat&#8220; module_alignment=&#8220;left&#8220; custom_margin=&#8220;22px|||&#8220; custom_css_main_element=&#8220;font-weight: 400;&#8220; global_colors_info=&#8220;{}&#8220;]<\/p>\n<p style=\"text-align: center;\"><span style=\"color: #efefef;\">Dieses Motto gilt f\u00fcr mich nicht nur beim Schnapsen, sondern auch im Berufsalltag. Auf mich k\u00f6nnen Sie sich verlassen. Garantiert.<\/span><\/p>\n<p>[\/et_pb_text][\/et_pb_column][et_pb_column type=&#8220;1_4&#8243; _builder_version=&#8220;4.16&#8243; custom_padding=&#8220;|||&#8220; custom_padding_tablet=&#8220;&#8220; custom_padding_phone=&#8220;20px||||false|false&#8220; custom_padding_last_edited=&#8220;on|phone&#8220; global_colors_info=&#8220;{}&#8220; custom_padding__hover=&#8220;|||&#8220;][et_pb_image src=&#8220;https:\/\/www.andreasweitz.at\/wp-content\/uploads\/2026\/01\/PiktoTeam.png&#8220; align=&#8220;center&#8220; admin_label=&#8220;Image&#8220; _builder_version=&#8220;4.27.5&#8243; width=&#8220;45%&#8220; max_width=&#8220;50%&#8220; animation_style=&#8220;fade&#8220; animation_direction=&#8220;fade_in&#8220; animation_duration=&#8220;500ms&#8220; hover_enabled=&#8220;0&#8243; animation=&#8220;fade_in&#8220; always_center_on_mobile=&#8220;off&#8220; global_colors_info=&#8220;{}&#8220; title_text=&#8220;PiktoTeam&#8220; sticky_enabled=&#8220;0&#8243;][\/et_pb_image][et_pb_text _builder_version=&#8220;4.16&#8243; text_font=&#8220;Poppins|500|||||||&#8220; text_font_size=&#8220;22px&#8220; text_line_height=&#8220;0.3em&#8220; text_orientation=&#8220;center&#8220; background_layout=&#8220;dark&#8220; global_colors_info=&#8220;{}&#8220;]<\/p>\n<p>Das wird\u00a0<span style=\"font-size: 22px;\">schon<\/span><\/p>\n<p><span style=\"font-size: 22px;\">werden.<\/span><\/p>\n<p>[\/et_pb_text][et_pb_text _builder_version=&#8220;4.16&#8243; text_font=&#8220;Poppins||||||||&#8220; text_text_color=&#8220;#5d666a&#8220; text_font_size=&#8220;18&#8243; text_line_height=&#8220;1.5em&#8220; background_size=&#8220;initial&#8220; background_position=&#8220;top_left&#8220; background_repeat=&#8220;repeat&#8220; module_alignment=&#8220;left&#8220; custom_margin=&#8220;22px|||&#8220; custom_css_main_element=&#8220;font-weight: 400;&#8220; global_colors_info=&#8220;{}&#8220;]<\/p>\n<p style=\"text-align: center;\"><span style=\"color: #efefef;\">Von alleine erledigt sich gar nichts. Aufgrund meiner langj\u00e4hrigen Erfahrung kann ich aber zu erfolgreichen Projekten beitragen.<\/span><\/p>\n<p>[\/et_pb_text][\/et_pb_column][et_pb_column type=&#8220;1_4&#8243; _builder_version=&#8220;4.16&#8243; custom_padding=&#8220;|||&#8220; custom_padding_tablet=&#8220;&#8220; custom_padding_phone=&#8220;20px||||false|false&#8220; custom_padding_last_edited=&#8220;on|phone&#8220; global_colors_info=&#8220;{}&#8220; custom_padding__hover=&#8220;|||&#8220;][et_pb_image src=&#8220;https:\/\/www.andreasweitz.at\/wp-content\/uploads\/2026\/01\/PiktoTime.png&#8220; title_text=&#8220;PiktoTime&#8220; align=&#8220;center&#8220; admin_label=&#8220;Image&#8220; _builder_version=&#8220;4.27.5&#8243; width=&#8220;45%&#8220; max_width=&#8220;50%&#8220; animation_style=&#8220;fade&#8220; animation_direction=&#8220;fade_in&#8220; animation_duration=&#8220;500ms&#8220; hover_enabled=&#8220;0&#8243; animation=&#8220;fade_in&#8220; always_center_on_mobile=&#8220;off&#8220; global_colors_info=&#8220;{}&#8220; sticky_enabled=&#8220;0&#8243;][\/et_pb_image][et_pb_text _builder_version=&#8220;4.16&#8243; text_font=&#8220;Poppins|500|||||||&#8220; text_font_size=&#8220;22px&#8220; text_line_height=&#8220;0.3em&#8220; text_orientation=&#8220;center&#8220; background_layout=&#8220;dark&#8220; global_colors_info=&#8220;{}&#8220;]<\/p>\n<p>Das geht sich<\/p>\n<p>locker aus.<\/p>\n<p>[\/et_pb_text][et_pb_text _builder_version=&#8220;4.18.0&#8243; text_font=&#8220;Poppins||||||||&#8220; text_text_color=&#8220;#5d666a&#8220; text_font_size=&#8220;18&#8243; text_line_height=&#8220;1.5em&#8220; background_size=&#8220;initial&#8220; background_position=&#8220;top_left&#8220; background_repeat=&#8220;repeat&#8220; module_alignment=&#8220;left&#8220; custom_margin=&#8220;22px|||&#8220; custom_css_main_element=&#8220;font-weight: 400;&#8220; global_colors_info=&#8220;{}&#8220;]<\/p>\n<p style=\"text-align: center;\"><span style=\"color: #efefef;\">Termindruck in meiner Branche \u2013 so sicher wie das Amen im Gebet.\u2028 Auch ich kann nicht zaubern, arbeite jedoch schnell und zielorientiert.<\/span><\/p>\n<p>[\/et_pb_text][\/et_pb_column][et_pb_column type=&#8220;1_4&#8243; _builder_version=&#8220;4.16&#8243; custom_padding=&#8220;|||&#8220; custom_padding_tablet=&#8220;&#8220; custom_padding_phone=&#8220;20px||||false|false&#8220; custom_padding_last_edited=&#8220;on|phone&#8220; global_colors_info=&#8220;{}&#8220; custom_padding__hover=&#8220;|||&#8220;][et_pb_image src=&#8220;https:\/\/www.andreasweitz.at\/wp-content\/uploads\/2026\/01\/PiktoMoney-1.png&#8220; align=&#8220;center&#8220; admin_label=&#8220;Image&#8220; _builder_version=&#8220;4.27.5&#8243; width=&#8220;45%&#8220; max_width=&#8220;50%&#8220; animation_style=&#8220;fade&#8220; animation_direction=&#8220;fade_in&#8220; animation_duration=&#8220;500ms&#8220; hover_enabled=&#8220;0&#8243; animation=&#8220;fade_in&#8220; always_center_on_mobile=&#8220;off&#8220; global_colors_info=&#8220;{}&#8220; title_text=&#8220;PiktoMoney-1&#8243; sticky_enabled=&#8220;0&#8243;][\/et_pb_image][et_pb_text _builder_version=&#8220;4.16&#8243; text_font=&#8220;Poppins|500|||||||&#8220; text_font_size=&#8220;22px&#8220; text_line_height=&#8220;0.3em&#8220; text_orientation=&#8220;center&#8220; background_layout=&#8220;dark&#8220; global_colors_info=&#8220;{}&#8220;]<\/p>\n<p>Was es wiegt,<\/p>\n<p>das hat es.<\/p>\n<p>[\/et_pb_text][et_pb_text _builder_version=&#8220;4.16&#8243; text_font=&#8220;Poppins||||||||&#8220; text_text_color=&#8220;#5d666a&#8220; text_font_size=&#8220;18&#8243; text_line_height=&#8220;1.5em&#8220; background_size=&#8220;initial&#8220; background_position=&#8220;top_left&#8220; background_repeat=&#8220;repeat&#8220; module_alignment=&#8220;left&#8220; custom_margin=&#8220;22px|||&#8220; custom_css_main_element=&#8220;font-weight: 400;&#8220; global_colors_info=&#8220;{}&#8220;]<\/p>\n<p style=\"text-align: center;\"><span style=\"color: #efefef;\">Auch bei mir gibt es keine Geschenke. Daf\u00fcr garantiere ich Ihnen faire und der Leistung angemessene Preise. \u00dcberzeugen Sie sich!<\/span><\/p>\n<p>[\/et_pb_text][\/et_pb_column][\/et_pb_row][\/et_pb_section][et_pb_section fb_built=&#8220;1&#8243; admin_label=&#8220;Das kann ich f\u00fcr Sie tun&#8220; _builder_version=&#8220;4.16&#8243; background_color=&#8220;#ffffff&#8220; global_colors_info=&#8220;{}&#8220;][et_pb_row module_class=&#8220; et_pb_row_fullwidth&#8220; _builder_version=&#8220;4.16&#8243; background_size=&#8220;initial&#8220; background_position=&#8220;top_left&#8220; background_repeat=&#8220;repeat&#8220; width=&#8220;89%&#8220; width_tablet=&#8220;80%&#8220; width_phone=&#8220;&#8220; width_last_edited=&#8220;on|desktop&#8220; max_width=&#8220;89%&#8220; max_width_tablet=&#8220;80%&#8220; max_width_phone=&#8220;&#8220; max_width_last_edited=&#8220;on|desktop&#8220; custom_padding=&#8220;27px|0px|27px|0px&#8220; make_fullwidth=&#8220;on&#8220; global_colors_info=&#8220;{}&#8220;][et_pb_column type=&#8220;4_4&#8243; _builder_version=&#8220;4.16&#8243; custom_padding=&#8220;|||&#8220; global_colors_info=&#8220;{}&#8220; custom_padding__hover=&#8220;|||&#8220;][et_pb_text admin_label=&#8220;Headline&#8220; _builder_version=&#8220;4.16&#8243; text_font=&#8220;Poppins||||||||&#8220; text_text_color=&#8220;#262e32&#8243; text_font_size=&#8220;32px&#8220; text_line_height=&#8220;1.2em&#8220; background_size=&#8220;initial&#8220; background_position=&#8220;top_left&#8220; background_repeat=&#8220;repeat&#8220; text_orientation=&#8220;center&#8220; module_alignment=&#8220;center&#8220; text_font_size_tablet=&#8220;&#8220; text_font_size_phone=&#8220;&#8220; text_font_size_last_edited=&#8220;on|phone&#8220; custom_css_main_element=&#8220;font-weight: 300;&#8220; global_colors_info=&#8220;{}&#8220;]<\/p>\n<p>Das kann ich f\u00fcr Sie tun.<\/p>\n<p>[\/et_pb_text][et_pb_text _builder_version=&#8220;4.16&#8243; text_font=&#8220;Poppins||||||||&#8220; text_text_color=&#8220;#5b666d&#8220; text_font_size=&#8220;20px&#8220; text_line_height=&#8220;1.5em&#8220; background_size=&#8220;initial&#8220; background_position=&#8220;top_left&#8220; background_repeat=&#8220;repeat&#8220; text_orientation=&#8220;center&#8220; module_alignment=&#8220;center&#8220; custom_margin=&#8220;24px|||&#8220; custom_css_main_element=&#8220;font-weight: 300;&#8220; global_colors_info=&#8220;{}&#8220;]<\/p>\n<p>Mein Schwerpunkt liegt in der Gestaltung von Printprodukten<br \/>\u2028wie zum Beispiel Anzeigen, Magazinen, Rollups, Drucksorten wie Briefpapier, Visitkarten usw.<br \/>sowie im Entwurf pr\u00e4gnanter Logos.\u2028<\/p>\n<p>In diesen Bereichen bin ich stark und kann Ihnen helfen, Ihre Ziele zu erreichen.<\/p>\n<p>[\/et_pb_text][\/et_pb_column][\/et_pb_row][\/et_pb_section][et_pb_section fb_built=&#8220;1&#8243; fullwidth=&#8220;on&#8220; _builder_version=&#8220;4.16&#8243; global_colors_info=&#8220;{}&#8220;][et_pb_fullwidth_map address=&#8220;Salzburg, \u00d6sterreich&#8220; zoom_level=&#8220;14&#8243; address_lat=&#8220;47.80949&#8243; address_lng=&#8220;13.05501&#8243; _builder_version=&#8220;4.16&#8243; min_height=&#8220;623px&#8220; custom_padding=&#8220;0px||0px|||&#8220; global_colors_info=&#8220;{}&#8220;][et_pb_map_pin pin_address=&#8220;Haunspergstra\u00dfe 31, 5020 Salzburg, \u00d6sterreich&#8220; zoom_level=&#8220;13&#8243; pin_address_lat=&#8220;47.8135926&#8243; pin_address_lng=&#8220;13.038839&#8243; _builder_version=&#8220;4.0.11&#8243; global_colors_info=&#8220;{}&#8220;][\/et_pb_map_pin][\/et_pb_fullwidth_map][\/et_pb_section][et_pb_section fb_built=&#8220;1&#8243; admin_label=&#8220;Adresse&#8220; _builder_version=&#8220;4.16&#8243; background_color=&#8220;#8f8f8f&#8220; custom_margin=&#8220;-5px|||||&#8220; custom_padding=&#8220;0px|0px|0px|0px||&#8220; transparent_background=&#8220;off&#8220; global_colors_info=&#8220;{}&#8220;][et_pb_row _builder_version=&#8220;4.16&#8243; background_size=&#8220;initial&#8220; background_position=&#8220;top_left&#8220; background_repeat=&#8220;repeat&#8220; global_colors_info=&#8220;{}&#8220;][et_pb_column type=&#8220;4_4&#8243; _builder_version=&#8220;4.16&#8243; custom_padding=&#8220;|||&#8220; global_colors_info=&#8220;{}&#8220; custom_padding__hover=&#8220;|||&#8220;][et_pb_text admin_label=&#8220;Adresse&#8220; _builder_version=&#8220;4.16&#8243; text_font=&#8220;Poppins|300|||||||&#8220; header_font=&#8220;||||||||&#8220; background_size=&#8220;initial&#8220; background_position=&#8220;top_left&#8220; background_repeat=&#8220;repeat&#8220; text_orientation=&#8220;center&#8220; background_layout=&#8220;dark&#8220; module_alignment=&#8220;center&#8220; global_colors_info=&#8220;{}&#8220;]<\/p>\n<p>ANDREAS WEITZ<br \/> B\u00fcro f\u00fcr Grafik und Design<br \/> Haunspergstra\u00dfe 31 \u00a0. \u00a05020 Salzburg<br \/> Tel. +43 699 11202342<br \/> office@andreasweitz.at<br \/> www.andreasweitz.at<\/p>\n<p>UID-Nr.: ATU43861905<\/p>\n<p>\u00d6ffnungszeiten:<br \/> Bitte vorher anrufen!<\/p>\n<p>Parkpl\u00e4tze:<br \/> Gegen\u00fcber dem Haus Bergheimerstra\u00dfe Nr. 21<br \/> (Parallelstra\u00dfe zur Haunspergstra\u00dfe)<\/p>\n<p>[\/et_pb_text][\/et_pb_column][\/et_pb_row][\/et_pb_section]<\/p>\n","protected":false},"excerpt":{"rendered":"<p>Gestatten, Weitz.Andreas Weitz.Seit 1997 bin ich als Werbegrafiker t\u00e4tig. Meine meist langj\u00e4hrigen Kunden sind sowohl Werbeagenturen als auch Auftraggeber aus den Bereichen Dienstleistung, Handel, Hotellerie, Kunst usw. 100 % meiner Kunden sind von meinen Leistungen \u00fcberzeugt. OK, ich habe nur einen gefragt, und der ist ein Freund von mir.Spa\u00df beiseite, ich habe ein paar Grunds\u00e4tze, [&hellip;]<\/p>\n","protected":false},"author":1,"featured_media":0,"parent":0,"menu_order":0,"comment_status":"closed","ping_status":"closed","template":"","meta":{"_et_pb_use_builder":"on","_et_pb_old_content":"","_et_gb_content_width":"","footnotes":""},"class_list":["post-824","page","type-page","status-publish","hentry"],"_links":{"self":[{"href":"https:\/\/www.andreasweitz.at\/index.php?rest_route=\/wp\/v2\/pages\/824","targetHints":{"allow":["GET"]}}],"collection":[{"href":"https:\/\/www.andreasweitz.at\/index.php?rest_route=\/wp\/v2\/pages"}],"about":[{"href":"https:\/\/www.andreasweitz.at\/index.php?rest_route=\/wp\/v2\/types\/page"}],"author":[{"embeddable":true,"href":"https:\/\/www.andreasweitz.at\/index.php?rest_route=\/wp\/v2\/users\/1"}],"replies":[{"embeddable":true,"href":"https:\/\/www.andreasweitz.at\/index.php?rest_route=%2Fwp%2Fv2%2Fcomments&post=824"}],"version-history":[{"count":148,"href":"https:\/\/www.andreasweitz.at\/index.php?rest_route=\/wp\/v2\/pages\/824\/revisions"}],"predecessor-version":[{"id":24845,"href":"https:\/\/www.andreasweitz.at\/index.php?rest_route=\/wp\/v2\/pages\/824\/revisions\/24845"}],"wp:attachment":[{"href":"https:\/\/www.andreasweitz.at\/index.php?rest_route=%2Fwp%2Fv2%2Fmedia&parent=824"}],"curies":[{"name":"wp","href":"https:\/\/api.w.org\/{rel}","templated":true}]}}